{"id":39,"date":"2025-02-27T10:00:28","date_gmt":"2025-02-27T10:00:28","guid":{"rendered":"https:\/\/finovate.vamtam.com\/?page_id=39"},"modified":"2026-02-16T21:48:36","modified_gmt":"2026-02-16T21:48:36","slug":"risk-management-international-structuring-intercultural-management","status":"publish","type":"page","link":"https:\/\/eugenia-capital.com\/index.php\/services\/risk-management-international-structuring-intercultural-management\/","title":{"rendered":"Gestion des risques, structuration internationale &#038; management interculturel"},"content":{"rendered":"\t\t<div data-elementor-type=\"wp-page\" data-elementor-id=\"39\" class=\"elementor elementor-39\" data-elementor-post-type=\"page\">\n\t\t\t\t<div class=\"elementor-element elementor-element-50a9aac8 e-flex e-con-boxed e-con e-parent\" data-id=\"50a9aac8\" data-element_type=\"container\">\n\t\t\t\t\t<div class=\"e-con-inner\">\n\t\t\t\t<div class=\"elementor-element elementor-element-58b90e1e elementor-invisible elementor-widget__width-auto animated-fast elementor-widget elementor-widget-heading\" data-id=\"58b90e1e\" data-element_type=\"widget\" data-settings=\"{&quot;_animation&quot;:&quot;fadeIn&quot;,&quot;_animation_delay&quot;:50}\" data-widget_type=\"heading.default\">\n\t\t\t\t<div class=\"elementor-widget-container\">\n\t\t\t\t\t<div class=\"elementor-heading-title elementor-size-default\">PHILOSOPHIE &amp; ENGAGEMENTS<\/div>\t\t\t\t<\/div>\n\t\t\t\t<\/div>\n\t\t\t\t<div class=\"elementor-element elementor-element-28d44bc0 elementor-invisible elementor-widget__width-initial elementor-widget-mobile__width-inherit animated-fast elementor-widget elementor-widget-heading\" data-id=\"28d44bc0\" data-element_type=\"widget\" data-settings=\"{&quot;_animation&quot;:&quot;fadeIn&quot;}\" data-widget_type=\"heading.default\">\n\t\t\t\t<div class=\"elementor-widget-container\">\n\t\t\t\t\t<h2 class=\"elementor-heading-title elementor-size-default\">S\u00e9curisation des op\u00e9rations et coh\u00e9rence multi-juridictionnelle<span style=\", sans-serif;font-size: 48px;font-style: normal;font-weight: 400\"><\/span><\/h2>\t\t\t\t<\/div>\n\t\t\t\t<\/div>\n\t\t<div class=\"elementor-element elementor-element-40bef82e e-con-full e-flex e-con e-child\" data-id=\"40bef82e\" data-element_type=\"container\">\n\t\t<div class=\"elementor-element elementor-element-3788b980 e-con-full e-flex e-con e-child\" data-id=\"3788b980\" data-element_type=\"container\">\n\t\t\t\t<div class=\"elementor-element elementor-element-357c635f elementor-invisible animated-fast elementor-widget-tablet__width-inherit elementor-widget elementor-widget-text-editor\" data-id=\"357c635f\" data-element_type=\"widget\" data-settings=\"{&quot;_animation&quot;:&quot;fadeIn&quot;,&quot;_animation_delay&quot;:0}\" data-widget_type=\"text-editor.default\">\n\t\t\t\t<div class=\"elementor-widget-container\">\n\t\t\t\t\t\t\t\t\t<p>Nous accompagnons les projets impliquant plusieurs juridictions, des environnements institutionnels vari\u00e9s et des acteurs issus de cultures organisationnelles diff\u00e9rentes.\u2028Notre r\u00f4le consiste \u00e0 s\u00e9curiser les op\u00e9rations, clarifier les exigences r\u00e9glementaires, renforcer la compr\u00e9hension mutuelle entre parties prenantes et structurer un cadre de gouvernance coh\u00e9rent. Cette approche int\u00e8gre \u00e9galement la p\u00e9dagogie autour des risques financiers et des produits d\u00e9riv\u00e9s, afin de garantir des d\u00e9cisions inform\u00e9es et responsables.<\/p>\t\t\t\t\t\t\t\t<\/div>\n\t\t\t\t<\/div>\n\t\t\t\t<div class=\"vamtam-has-theme-widget-styles elementor-element elementor-element-22b136 elementor-invisible animated-fast elementor-widget elementor-widget-button\" data-id=\"22b136\" data-element_type=\"widget\" data-settings=\"{&quot;_animation&quot;:&quot;fadeInUp&quot;,&quot;_animation_delay&quot;:100}\" data-widget_type=\"button.default\">\n\t\t\t\t<div class=\"elementor-widget-container\">\n\t\t\t\t\t\t\t\t\t<div class=\"elementor-button-wrapper\">\n\t\t\t\t\t<a class=\"elementor-button elementor-button-link elementor-size-sm\" href=\"#elementor-action%3Aaction%3Dpopup%3Aopen%26settings%3DeyJpZCI6IjQyODYiLCJ0b2dnbGUiOmZhbHNlLCJhbGlnbl93aXRoX3BhcmVudCI6IiJ9\">\n\t\t\t\t\t\t<span class=\"elementor-button-content-wrapper\">\n\t\t\t\t\t\t\t\t\t<span class=\"elementor-button-text\">\u00c9valuer votre projet \u2013 Nous contacter<\/span>\n\t\t\t\t\t<\/span>\n\t\t\t\t\t<\/a>\n\t\t\t\t<\/div>\n\t\t\t\t\t\t\t\t<\/div>\n\t\t\t\t<\/div>\n\t\t\t\t<\/div>\n\t\t<div class=\"elementor-element elementor-element-5c58a764 e-con-full animated-fast e-flex e-con e-child\" data-id=\"5c58a764\" data-element_type=\"container\" data-settings=\"{&quot;animation&quot;:&quot;none&quot;,&quot;animation_delay&quot;:0}\">\n\t\t\t\t<div class=\"vamtam-has-theme-widget-styles elementor-element elementor-element-2a208238 vamtam-has-icon-theme-styles elementor-widget elementor-widget-n-accordion\" data-id=\"2a208238\" data-element_type=\"widget\" data-settings=\"{&quot;n_accordion_animation_duration&quot;:{&quot;unit&quot;:&quot;ms&quot;,&quot;size&quot;:300,&quot;sizes&quot;:[]},&quot;default_state&quot;:&quot;all_collapsed&quot;,&quot;max_items_expended&quot;:&quot;one&quot;}\" data-widget_type=\"nested-accordion.default\">\n\t\t\t\t<div class=\"elementor-widget-container\">\n\t\t\t\t\t\t\t<div class=\"e-n-accordion\" aria-label=\"Accordion. Open links with Enter or Space, close with Escape, and navigate with Arrow Keys\">\n\t\t\t\t\t\t<details id=\"e-n-accordion-item-7060\" class=\"e-n-accordion-item\" >\n\t\t\t\t<summary class=\"e-n-accordion-item-title\" data-accordion-index=\"1\" tabindex=\"0\" aria-expanded=\"false\" aria-controls=\"e-n-accordion-item-7060\" >\n\t\t\t\t\t<span class='e-n-accordion-item-title-header'><div class=\"e-n-accordion-item-title-text\"> Honoraires &amp; Nature des prestations <\/div><\/span>\n\t\t\t\t\t\t\t<span class='e-n-accordion-item-title-icon'>\n\t\t\t<span class='e-opened' ><i aria-hidden=\"true\" class=\"vamtamtheme- vamtam-theme-minus\"><\/i><\/span>\n\t\t\t<span class='e-closed'><i aria-hidden=\"true\" class=\"vamtamtheme- vamtam-theme-plus\"><\/i><\/span>\n\t\t<\/span>\n\n\t\t\t\t\t\t<\/summary>\n\t\t\t\t<div role=\"region\" aria-labelledby=\"e-n-accordion-item-7060\" class=\"elementor-element elementor-element-62bdfd8a e-con-full e-flex e-con e-child\" data-id=\"62bdfd8a\" data-element_type=\"container\">\n\t\t\t\t<div class=\"elementor-element elementor-element-1bcfa0a2 elementor-widget elementor-widget-text-editor\" data-id=\"1bcfa0a2\" data-element_type=\"widget\" data-widget_type=\"text-editor.default\">\n\t\t\t\t<div class=\"elementor-widget-container\">\n\t\t\t\t\t\t\t\t\t<p>Chez Eug\u00e9nia Capital, les honoraires concernent exclusivement les travaux d\u2019analyse, de structuration, de mod\u00e9lisation et de pr\u00e9paration institutionnelle.\u2028Nous facturons uniquement la valeur intellectuelle produite : \u00e9tude du projet, clarification des enjeux, conception de l\u2019architecture financi\u00e8re, r\u00e9daction des documents strat\u00e9giques et optimisation de la pr\u00e9sentation pour les investisseurs et partenaires.\u2028Aucun honoraire n\u2019est li\u00e9 \u00e0 une mobilisation de fonds, \u00e0 une op\u00e9ration r\u00e9glement\u00e9e ou \u00e0 une quelconque activit\u00e9 assimilable \u00e0 du courtage.<\/p>\t\t\t\t\t\t\t\t<\/div>\n\t\t\t\t<\/div>\n\t\t\t\t<\/div>\n\t\t\t\t\t<\/details>\n\t\t\t\t\t\t<details id=\"e-n-accordion-item-7061\" class=\"e-n-accordion-item\" >\n\t\t\t\t<summary class=\"e-n-accordion-item-title\" data-accordion-index=\"2\" tabindex=\"-1\" aria-expanded=\"false\" aria-controls=\"e-n-accordion-item-7061\" >\n\t\t\t\t\t<span class='e-n-accordion-item-title-header'><div class=\"e-n-accordion-item-title-text\"> Approche fiduciaire &amp; ind\u00e9pendance <\/div><\/span>\n\t\t\t\t\t\t\t<span class='e-n-accordion-item-title-icon'>\n\t\t\t<span class='e-opened' ><i aria-hidden=\"true\" class=\"vamtamtheme- vamtam-theme-minus\"><\/i><\/span>\n\t\t\t<span class='e-closed'><i aria-hidden=\"true\" class=\"vamtamtheme- vamtam-theme-plus\"><\/i><\/span>\n\t\t<\/span>\n\n\t\t\t\t\t\t<\/summary>\n\t\t\t\t<div role=\"region\" aria-labelledby=\"e-n-accordion-item-7061\" class=\"elementor-element elementor-element-cd135b3 e-con-full e-flex e-con e-child\" data-id=\"cd135b3\" data-element_type=\"container\">\n\t\t\t\t<div class=\"elementor-element elementor-element-5a7190db elementor-widget elementor-widget-text-editor\" data-id=\"5a7190db\" data-element_type=\"widget\" data-widget_type=\"text-editor.default\">\n\t\t\t\t<div class=\"elementor-widget-container\">\n\t\t\t\t\t\t\t\t\t<p>Nous intervenons dans un cadre strictement ind\u00e9pendant, sans favoriser un investisseur, une institution ou une solution particuli\u00e8re.\u2028Notre r\u00f4le consiste \u00e0 fournir une analyse neutre, une structuration rigoureuse et une documentation align\u00e9e avec les standards internationaux, afin d\u2019offrir au promoteur une vision claire, coh\u00e9rente, fid\u00e8le \u00e0 la r\u00e9alit\u00e9 de son projet et conforme aux standards internationaux.<\/p>\t\t\t\t\t\t\t\t<\/div>\n\t\t\t\t<\/div>\n\t\t\t\t<\/div>\n\t\t\t\t\t<\/details>\n\t\t\t\t\t\t<details id=\"e-n-accordion-item-7062\" class=\"e-n-accordion-item\" >\n\t\t\t\t<summary class=\"e-n-accordion-item-title\" data-accordion-index=\"3\" tabindex=\"-1\" aria-expanded=\"false\" aria-controls=\"e-n-accordion-item-7062\" >\n\t\t\t\t\t<span class='e-n-accordion-item-title-header'><div class=\"e-n-accordion-item-title-text\"> Expertise professionnelle \u2014 aucune activit\u00e9 de vente <\/div><\/span>\n\t\t\t\t\t\t\t<span class='e-n-accordion-item-title-icon'>\n\t\t\t<span class='e-opened' ><i aria-hidden=\"true\" class=\"vamtamtheme- vamtam-theme-minus\"><\/i><\/span>\n\t\t\t<span class='e-closed'><i aria-hidden=\"true\" class=\"vamtamtheme- vamtam-theme-plus\"><\/i><\/span>\n\t\t<\/span>\n\n\t\t\t\t\t\t<\/summary>\n\t\t\t\t<div role=\"region\" aria-labelledby=\"e-n-accordion-item-7062\" class=\"elementor-element elementor-element-36cc30b8 e-con-full e-flex e-con e-child\" data-id=\"36cc30b8\" data-element_type=\"container\">\n\t\t\t\t<div class=\"elementor-element elementor-element-158922d6 elementor-widget elementor-widget-text-editor\" data-id=\"158922d6\" data-element_type=\"widget\" data-widget_type=\"text-editor.default\">\n\t\t\t\t<div class=\"elementor-widget-container\">\n\t\t\t\t\t\t\t\t\t<p>Eug\u00e9nia Capital n\u2019agit ni comme courtier, ni comme d\u00e9marcheur, ni comme vendeur de produits financiers.\u2028Nous ne r\u00e9alisons aucune transaction et n\u2019ex\u00e9cutons aucune op\u00e9ration r\u00e9serv\u00e9e.\u2028Notre mission se concentre exclusivement sur l\u2019analyse, la structuration, la conception des documents et l\u2019accompagnement intellectuel \u00e0 haute valeur ajout\u00e9e.<\/p>\t\t\t\t\t\t\t\t<\/div>\n\t\t\t\t<\/div>\n\t\t\t\t<\/div>\n\t\t\t\t\t<\/details>\n\t\t\t\t\t<\/div>\n\t\t\t\t\t\t<\/div>\n\t\t\t\t<\/div>\n\t\t\t\t<\/div>\n\t\t\t\t<\/div>\n\t\t\t\t\t<\/div>\n\t\t\t\t<\/div>\n\t\t<div class=\"elementor-element elementor-element-51560a11 elementor-hidden-mobile elementor-hidden-tablet e-flex e-con-boxed e-con e-parent\" data-id=\"51560a11\" data-element_type=\"container\">\n\t\t\t\t\t<div class=\"e-con-inner\">\n\t\t\t\t<div class=\"elementor-element elementor-element-35c3ebf5 elementor-hidden-mobile elementor-widget-divider--view-line elementor-widget elementor-widget-divider\" data-id=\"35c3ebf5\" data-element_type=\"widget\" data-widget_type=\"divider.default\">\n\t\t\t\t<div class=\"elementor-widget-container\">\n\t\t\t\t\t\t\t<div class=\"elementor-divider\">\n\t\t\t<span class=\"elementor-divider-separator\">\n\t\t\t\t\t\t<\/span>\n\t\t<\/div>\n\t\t\t\t\t\t<\/div>\n\t\t\t\t<\/div>\n\t\t\t\t\t<\/div>\n\t\t\t\t<\/div>\n\t\t<div class=\"elementor-element elementor-element-4d684c04 e-flex e-con-boxed e-con e-parent\" data-id=\"4d684c04\" data-element_type=\"container\">\n\t\t\t\t\t<div class=\"e-con-inner\">\n\t\t\t\t<div class=\"vamtam-has-theme-widget-styles elementor-element elementor-element-7041d68f elementor-invisible elementor-align-justify vamtam-content-align-space-between elementor-widget__width-auto animated-fast vamtam-has-icon-styles vamtam-icon-pos-row elementor-widget elementor-widget-button\" data-id=\"7041d68f\" data-element_type=\"widget\" data-settings=\"{&quot;_animation&quot;:&quot;slideInUp&quot;,&quot;_animation_delay&quot;:0}\" data-widget_type=\"button.default\">\n\t\t\t\t<div class=\"elementor-widget-container\">\n\t\t\t\t\t\t\t\t\t<div class=\"elementor-button-wrapper\">\n\t\t\t\t\t<a class=\"elementor-button elementor-size-sm\" role=\"button\">\n\t\t\t\t\t\t<span class=\"elementor-button-content-wrapper\">\n\t\t\t\t\t\t<span class=\"elementor-button-icon\">\n\t\t\t\t<i aria-hidden=\"true\" class=\"vamtamtheme- vamtam-theme-check\"><\/i>\t\t\t<\/span>\n\t\t\t\t\t\t\t\t\t<span class=\"elementor-button-text\">Analyse et gestion des risques<\/span>\n\t\t\t\t\t<\/span>\n\t\t\t\t\t<\/a>\n\t\t\t\t<\/div>\n\t\t\t\t\t\t\t\t<\/div>\n\t\t\t\t<\/div>\n\t\t\t\t<div class=\"vamtam-has-theme-widget-styles elementor-element elementor-element-7adad572 elementor-invisible elementor-align-justify vamtam-content-align-space-between elementor-widget__width-auto animated-fast vamtam-has-icon-styles vamtam-icon-pos-row elementor-widget elementor-widget-button\" data-id=\"7adad572\" data-element_type=\"widget\" data-settings=\"{&quot;_animation&quot;:&quot;slideInUp&quot;,&quot;_animation_delay&quot;:50}\" data-widget_type=\"button.default\">\n\t\t\t\t<div class=\"elementor-widget-container\">\n\t\t\t\t\t\t\t\t\t<div class=\"elementor-button-wrapper\">\n\t\t\t\t\t<a class=\"elementor-button elementor-size-sm\" role=\"button\">\n\t\t\t\t\t\t<span class=\"elementor-button-content-wrapper\">\n\t\t\t\t\t\t<span class=\"elementor-button-icon\">\n\t\t\t\t<i aria-hidden=\"true\" class=\"vamtamtheme- vamtam-theme-check\"><\/i>\t\t\t<\/span>\n\t\t\t\t\t\t\t\t\t<span class=\"elementor-button-text\">Coordination multi-acteurs &amp; multi-juridictions<\/span>\n\t\t\t\t\t<\/span>\n\t\t\t\t\t<\/a>\n\t\t\t\t<\/div>\n\t\t\t\t\t\t\t\t<\/div>\n\t\t\t\t<\/div>\n\t\t\t\t<div class=\"vamtam-has-theme-widget-styles elementor-element elementor-element-350721d6 elementor-invisible elementor-align-justify vamtam-content-align-space-between elementor-widget__width-auto animated-fast vamtam-has-icon-styles vamtam-icon-pos-row elementor-widget elementor-widget-button\" data-id=\"350721d6\" data-element_type=\"widget\" data-settings=\"{&quot;_animation&quot;:&quot;slideInUp&quot;,&quot;_animation_delay&quot;:100}\" data-widget_type=\"button.default\">\n\t\t\t\t<div class=\"elementor-widget-container\">\n\t\t\t\t\t\t\t\t\t<div class=\"elementor-button-wrapper\">\n\t\t\t\t\t<a class=\"elementor-button elementor-size-sm\" role=\"button\">\n\t\t\t\t\t\t<span class=\"elementor-button-content-wrapper\">\n\t\t\t\t\t\t<span class=\"elementor-button-icon\">\n\t\t\t\t<i aria-hidden=\"true\" class=\"vamtamtheme- vamtam-theme-check\"><\/i>\t\t\t<\/span>\n\t\t\t\t\t\t\t\t\t<span class=\"elementor-button-text\">Cadres institutionnels &amp; conformit\u00e9<\/span>\n\t\t\t\t\t<\/span>\n\t\t\t\t\t<\/a>\n\t\t\t\t<\/div>\n\t\t\t\t\t\t\t\t<\/div>\n\t\t\t\t<\/div>\n\t\t\t\t<div class=\"vamtam-has-theme-widget-styles elementor-element elementor-element-ad6bfbf elementor-invisible elementor-align-justify vamtam-content-align-space-between elementor-widget__width-auto animated-fast vamtam-has-icon-styles vamtam-icon-pos-row elementor-widget elementor-widget-button\" data-id=\"ad6bfbf\" data-element_type=\"widget\" data-settings=\"{&quot;_animation&quot;:&quot;slideInUp&quot;,&quot;_animation_delay&quot;:150}\" data-widget_type=\"button.default\">\n\t\t\t\t<div class=\"elementor-widget-container\">\n\t\t\t\t\t\t\t\t\t<div class=\"elementor-button-wrapper\">\n\t\t\t\t\t<a class=\"elementor-button elementor-size-sm\" role=\"button\">\n\t\t\t\t\t\t<span class=\"elementor-button-content-wrapper\">\n\t\t\t\t\t\t<span class=\"elementor-button-icon\">\n\t\t\t\t<i aria-hidden=\"true\" class=\"vamtamtheme- vamtam-theme-check\"><\/i>\t\t\t<\/span>\n\t\t\t\t\t\t\t\t\t<span class=\"elementor-button-text\">Management interculturel structur\u00e9<\/span>\n\t\t\t\t\t<\/span>\n\t\t\t\t\t<\/a>\n\t\t\t\t<\/div>\n\t\t\t\t\t\t\t\t<\/div>\n\t\t\t\t<\/div>\n\t\t\t\t<div class=\"vamtam-has-theme-widget-styles elementor-element elementor-element-79e789d6 elementor-invisible elementor-align-justify vamtam-content-align-space-between elementor-widget__width-auto animated-fast vamtam-has-icon-styles vamtam-icon-pos-row elementor-widget elementor-widget-button\" data-id=\"79e789d6\" data-element_type=\"widget\" data-settings=\"{&quot;_animation&quot;:&quot;slideInUp&quot;,&quot;_animation_delay&quot;:200}\" data-widget_type=\"button.default\">\n\t\t\t\t<div class=\"elementor-widget-container\">\n\t\t\t\t\t\t\t\t\t<div class=\"elementor-button-wrapper\">\n\t\t\t\t\t<a class=\"elementor-button elementor-size-sm\" role=\"button\">\n\t\t\t\t\t\t<span class=\"elementor-button-content-wrapper\">\n\t\t\t\t\t\t<span class=\"elementor-button-icon\">\n\t\t\t\t<i aria-hidden=\"true\" class=\"vamtamtheme- vamtam-theme-check\"><\/i>\t\t\t<\/span>\n\t\t\t\t\t\t\t\t\t<span class=\"elementor-button-text\">Mise en place de mod\u00e8les op\u00e9rationnels internationaux<\/span>\n\t\t\t\t\t<\/span>\n\t\t\t\t\t<\/a>\n\t\t\t\t<\/div>\n\t\t\t\t\t\t\t\t<\/div>\n\t\t\t\t<\/div>\n\t\t\t\t\t<\/div>\n\t\t\t\t<\/div>\n\t\t\t\t<\/div>\n\t\t","protected":false},"excerpt":{"rendered":"<p>PHILOSOPHIE &amp; ENGAGEMENTS S\u00e9curisation des op\u00e9rations et coh\u00e9rence multi-juridictionnelle Nous accompagnons les projets impliquant plusieurs juridictions, des environnements institutionnels vari\u00e9s et des acteurs issus de cultures organisationnelles diff\u00e9rentes.\u2028Notre r\u00f4le consiste \u00e0 s\u00e9curiser les op\u00e9rations, clarifier les exigences r\u00e9glementaires, renforcer la compr\u00e9hension mutuelle entre parties prenantes et structurer un cadre de gouvernance coh\u00e9rent. Cette approche int\u00e8gre&#8230;<\/p>\n","protected":false},"author":1,"featured_media":4397,"parent":25,"menu_order":0,"comment_status":"closed","ping_status":"closed","template":"","meta":{"_themeisle_gutenberg_block_has_review":false,"footnotes":""},"class_list":["post-39","page","type-page","status-publish","has-post-thumbnail","hentry"],"_links":{"self":[{"href":"https:\/\/eugenia-capital.com\/index.php\/wp-json\/wp\/v2\/pages\/39","targetHints":{"allow":["GET"]}}],"collection":[{"href":"https:\/\/eugenia-capital.com\/index.php\/wp-json\/wp\/v2\/pages"}],"about":[{"href":"https:\/\/eugenia-capital.com\/index.php\/wp-json\/wp\/v2\/types\/page"}],"author":[{"embeddable":true,"href":"https:\/\/eugenia-capital.com\/index.php\/wp-json\/wp\/v2\/users\/1"}],"replies":[{"embeddable":true,"href":"https:\/\/eugenia-capital.com\/index.php\/wp-json\/wp\/v2\/comments?post=39"}],"version-history":[{"count":7,"href":"https:\/\/eugenia-capital.com\/index.php\/wp-json\/wp\/v2\/pages\/39\/revisions"}],"predecessor-version":[{"id":988167,"href":"https:\/\/eugenia-capital.com\/index.php\/wp-json\/wp\/v2\/pages\/39\/revisions\/988167"}],"up":[{"embeddable":true,"href":"https:\/\/eugenia-capital.com\/index.php\/wp-json\/wp\/v2\/pages\/25"}],"wp:featuredmedia":[{"embeddable":true,"href":"https:\/\/eugenia-capital.com\/index.php\/wp-json\/wp\/v2\/media\/4397"}],"wp:attachment":[{"href":"https:\/\/eugenia-capital.com\/index.php\/wp-json\/wp\/v2\/media?parent=39"}],"curies":[{"name":"wp","href":"https:\/\/api.w.org\/{rel}","templated":true}]}}